{"id":55,"date":"2022-07-11T10:29:40","date_gmt":"2022-07-11T10:29:40","guid":{"rendered":"http:\/\/aloecanarias.es\/?page_id=55"},"modified":"2022-07-11T10:59:00","modified_gmt":"2022-07-11T10:59:00","slug":"55-2","status":"publish","type":"page","link":"http:\/\/aloecanarias.es\/index.php\/55-2\/","title":{"rendered":"Transparencia"},"content":{"rendered":"<p>[et_pb_section fb_built=\u00bb1&#8243; theme_builder_area=\u00bbpost_content\u00bb _builder_version=\u00bb4.17.4&#8243; _module_preset=\u00bbdefault\u00bb][et_pb_row _builder_version=\u00bb4.17.4&#8243; _module_preset=\u00bbdefault\u00bb theme_builder_area=\u00bbpost_content\u00bb][et_pb_column _builder_version=\u00bb4.17.4&#8243; _module_preset=\u00bbdefault\u00bb type=\u00bb4_4&#8243; theme_builder_area=\u00bbpost_content\u00bb][et_pb_text _builder_version=\u00bb4.17.4&#8243; _module_preset=\u00bbdefault\u00bb theme_builder_area=\u00bbpost_content\u00bb hover_enabled=\u00bb0&#8243; sticky_enabled=\u00bb0&#8243; custom_padding=\u00bb||28px|||\u00bb]<\/p>\n<p style=\"text-align: center;\"><strong>PORTAL DE TRANSPARENCIA<\/strong><\/p>\n<p>La transparencia empresarial se enmarca dentro de la estrategia de responsabilidad social empresarial (RSE) de nuestra empresa, es un acto voluntario con el que queremos contribuir a una sociedad informada, generando confianza en el entorno dando cuenta de nuestra relaci\u00f3n con la administraci\u00f3n p\u00fablica.<\/p>\n<p>&nbsp;<\/p>\n<p style=\"text-align: center;\"><strong>LEY CANARIA DE TRANSPARENCIA<\/strong><\/p>\n<p><strong>LESMES ALOECANARIAS , S.L.<\/strong> mantendr\u00e1 este portal actualizado para que nuestros clientes, proveedores y la ciudadan\u00eda en general pueda consultar nuestra actividad, seg\u00fan la\u00a0<strong>Ley de Transparencia 19\/2013 \u00a0y la Ley 12\/2014, de 26 de diciembre, de Transparencia y de Acceso a la Informaci\u00f3n P\u00fablica del Gobierno de Canarias<\/strong>.<\/p>\n<p>M\u00e1s informaci\u00f3n:\u00a0<a href=\"https:\/\/transparenciacanarias.org\/\">Comisionado de Transparencia del Gobierno de Canarias<\/a>.\u00a0<\/p>\n<p>[\/et_pb_text][\/et_pb_column][\/et_pb_row][et_pb_row _builder_version=\u00bb4.17.4&#8243; _module_preset=\u00bbdefault\u00bb theme_builder_area=\u00bbpost_content\u00bb][et_pb_column _builder_version=\u00bb4.17.4&#8243; _module_preset=\u00bbdefault\u00bb type=\u00bb4_4&#8243; theme_builder_area=\u00bbpost_content\u00bb][et_pb_image src=\u00bbhttp:\/\/aloecanarias.es\/wp-content\/uploads\/2022\/07\/comisionado-de-transparencia.png\u00bb _builder_version=\u00bb4.17.4&#8243; _module_preset=\u00bbdefault\u00bb theme_builder_area=\u00bbpost_content\u00bb hover_enabled=\u00bb0&#8243; sticky_enabled=\u00bb0&#8243; title_text=\u00bbcomisionado de transparencia\u00bb][\/et_pb_image][\/et_pb_column][\/et_pb_row][et_pb_row _builder_version=\u00bb4.17.4&#8243; _module_preset=\u00bbdefault\u00bb theme_builder_area=\u00bbpost_content\u00bb custom_margin=\u00bb|auto||411px||\u00bb][et_pb_column _builder_version=\u00bb4.17.4&#8243; _module_preset=\u00bbdefault\u00bb type=\u00bb4_4&#8243; theme_builder_area=\u00bbpost_content\u00bb][et_pb_text _builder_version=\u00bb4.17.4&#8243; _module_preset=\u00bbdefault\u00bb theme_builder_area=\u00bbpost_content\u00bb hover_enabled=\u00bb0&#8243; sticky_enabled=\u00bb0&#8243;]<\/p>\n<p style=\"text-align: center;\"><strong>INFORMACI\u00d3N ORGANIZATIVA<\/strong><\/p>\n<p><strong>\u00a0<\/strong><\/p>\n<p><strong>EQUIPO DIRECTIVO<\/strong><\/p>\n<p><strong>\u00a0<\/strong><\/p>\n<p><strong>El equipo de direcci\u00f3n est\u00e1 compuesto por:<\/strong><\/p>\n<p><strong>\u00a0<\/strong><\/p>\n<ul>\n<li style=\"list-style-type: none;\">\n<ul>\n<li><strong> D. Iv\u00e1n Marrero Gil (Director Ejecutivo)<\/strong><\/li>\n<\/ul>\n<\/li>\n<\/ul>\n<p><strong>\u00a0<\/strong><\/p>\n<p style=\"text-align: center;\"><strong>INFORMACI\u00d3N ECON\u00d3MICO-FINANCIERA<\/strong><\/p>\n<p><strong>CUENTAS ANUALES<\/strong><\/p>\n<p><strong>LESMES ALOECANARIAS , S.L. <\/strong>\u00a0cumple con su obligaci\u00f3n legal de depositar sus cuentas anuales en el\u00a0<a href=\"https:\/\/www.e-registros.es\/registro-mercantil-de-tenerife\/\">Registro Mercantil de Gran Canaria<\/a> , pudiendo ser solicitadas en dicho registro.<\/p>\n<p>&nbsp;<\/p>\n<p style=\"text-align: center;\"><strong>AYUDAS Y SUBVENCIONES<\/strong><\/p>\n<p><strong>\u00a0<\/strong><\/p>\n<p>Ayudas y subvenciones recibidas por administraciones y organismos p\u00fablicos<\/p>\n<p>&nbsp;<\/p>\n<p>A continuaci\u00f3n, se detalla la lista de ayudas y subvenciones recibidas a trav\u00e9s de administraciones y organismos p\u00fablicos para el ejercicio indicado.<\/p>\n<p>&nbsp;<\/p>\n<p><strong><em>Ejercicio 2021<\/em><\/strong><\/p>\n<p>&nbsp;<\/p>\n<ol start=\"2\">\n<li><strong> <\/strong><strong>L\u00cdNEA COVID DE AYUDAS DIRECTAS A PERSONAS AUT\u00d3NOMAS Y EMPRESAS PREVISTA EN EL T\u00cdTULO I DEL REAL DECRETO-LEY 5\/2021, DE 12 DE MARZO, DE MEDIDAS EXTRAORDINARIAS DE APOYO A LA SOLVENCIA EMPRESARIAL EN RESPUESTA A LA PANDEMIA DE LA COVID-19, FINANCIADA POR EL GOBIERNO DE ESPA\u00d1A, REGULADAS POR EL DECRETO-LEY 6\/2021, DE 4 DE JUNIO (L\u00cdNEAS 2.2 Y 2.3: PERSONAS AUT\u00d3NOMAS, EMPRESAS Y GRUPOS DE EMPRESAS CON M\u00c1S DE 10 Y MENOS DE 50 PERSONAS EMPLEADAS, Y CON 50 O M\u00c1S PERSONAS EMPLEADAS, RESPECTIVAMENTE).<\/strong><\/li>\n<\/ol>\n<p><strong>\u00a0<\/strong><\/p>\n<p>Raz\u00f3n Social: <strong>LESMES ALOECANARIAS , S.L.<\/strong> \u00a0<strong><br \/><\/strong>C\u00f3digo Actividad Econ\u00f3mica: <strong>1.65. Comercio al por menor de productos industriales no alimenticios realizado en establecimientos permanentes<\/strong><strong>.<\/strong> <strong><br \/><\/strong>Expediente: <strong>EXP-SUBPYMES2-17723-2021<\/strong><\/p>\n<table width=\"100%\">\n<tbody>\n<tr>\n<td width=\"20%\">\n<p style=\"text-align: center;\"><strong>EJERCICIO<\/strong><\/p>\n<\/td>\n<td width=\"45%\">\n<p style=\"text-align: center;\"><strong>SUBVENCION OBTENIDA<\/strong><\/p>\n<\/td>\n<td width=\"34%\">\n<p style=\"text-align: center;\"><strong>FECHA CONCESION<\/strong><\/p>\n<\/td>\n<\/tr>\n<tr>\n<td width=\"20%\">\n<p style=\"text-align: center;\"><strong>2021<\/strong><\/p>\n<\/td>\n<td width=\"45%\">\n<p style=\"text-align: center;\"><strong>793.651,66 \u20ac<\/strong><\/p>\n<\/td>\n<td width=\"34%\">\n<p style=\"text-align: center;\"><strong>13\/12\/2021<\/strong><\/p>\n<\/td>\n<\/tr>\n<\/tbody>\n<\/table>\n<p>\u00a0<strong>\u00a0<\/strong><\/p>\n<p style=\"text-align: center;\"><strong>GOBIERNO DE CANARIAS.<\/strong><\/p>\n<p style=\"text-align: center;\">CONSEJER\u00cdA DE ECONOM\u00cdA, CONOCIMIENTO Y EMPLEO.<\/p>\n<p style=\"text-align: center;\">DIRECCI\u00d3N GENERAL DE PROMOCI\u00d3N ECON\u00d3MICA.<\/p>\n<p>[\/et_pb_text][\/et_pb_column][\/et_pb_row][et_pb_row _builder_version=\u00bb4.17.4&#8243; _module_preset=\u00bbdefault\u00bb column_structure=\u00bb1_3,1_3,1_3&#8243; theme_builder_area=\u00bbpost_content\u00bb][et_pb_column _builder_version=\u00bb4.17.4&#8243; _module_preset=\u00bbdefault\u00bb type=\u00bb1_3&#8243; theme_builder_area=\u00bbpost_content\u00bb][et_pb_image src=\u00bbhttp:\/\/aloecanarias.es\/wp-content\/uploads\/2022\/07\/gobiernocanarias.png\u00bb _builder_version=\u00bb4.17.4&#8243; _module_preset=\u00bbdefault\u00bb theme_builder_area=\u00bbpost_content\u00bb hover_enabled=\u00bb0&#8243; sticky_enabled=\u00bb0&#8243; title_text=\u00bbgobiernocanarias\u00bb][\/et_pb_image][\/et_pb_column][et_pb_column _builder_version=\u00bb4.17.4&#8243; _module_preset=\u00bbdefault\u00bb type=\u00bb1_3&#8243; theme_builder_area=\u00bbpost_content\u00bb][et_pb_image src=\u00bbhttp:\/\/aloecanarias.es\/wp-content\/uploads\/2022\/07\/consejeria.png\u00bb _builder_version=\u00bb4.17.4&#8243; _module_preset=\u00bbdefault\u00bb theme_builder_area=\u00bbpost_content\u00bb hover_enabled=\u00bb0&#8243; sticky_enabled=\u00bb0&#8243; title_text=\u00bbconsejeria\u00bb][\/et_pb_image][\/et_pb_column][et_pb_column _builder_version=\u00bb4.17.4&#8243; _module_preset=\u00bbdefault\u00bb type=\u00bb1_3&#8243; theme_builder_area=\u00bbpost_content\u00bb][et_pb_image src=\u00bbhttp:\/\/aloecanarias.es\/wp-content\/uploads\/2022\/07\/camara.png\u00bb _builder_version=\u00bb4.17.4&#8243; _module_preset=\u00bbdefault\u00bb theme_builder_area=\u00bbpost_content\u00bb hover_enabled=\u00bb0&#8243; sticky_enabled=\u00bb0&#8243; title_text=\u00bbcamara\u00bb][\/et_pb_image][\/et_pb_column][\/et_pb_row][\/et_pb_section]<\/p>\n","protected":false},"excerpt":{"rendered":"<p>PORTAL DE TRANSPARENCIA La transparencia empresarial se enmarca dentro de la estrategia de responsabilidad social empresarial (RSE) de nuestra empresa, es un acto voluntario con el que queremos contribuir a una sociedad informada, generando confianza en el entorno dando cuenta de nuestra relaci\u00f3n con la administraci\u00f3n p\u00fablica. &nbsp; LEY CANARIA DE TRANSPARENCIA LESMES ALOECANARIAS , [&hellip;]<\/p>\n","protected":false},"author":1,"featured_media":0,"parent":0,"menu_order":0,"comment_status":"closed","ping_status":"closed","template":"","meta":{"_et_pb_use_builder":"on","_et_pb_old_content":"","_et_gb_content_width":"","om_disable_all_campaigns":false},"_links":{"self":[{"href":"http:\/\/aloecanarias.es\/index.php\/wp-json\/wp\/v2\/pages\/55"}],"collection":[{"href":"http:\/\/aloecanarias.es\/index.php\/wp-json\/wp\/v2\/pages"}],"about":[{"href":"http:\/\/aloecanarias.es\/index.php\/wp-json\/wp\/v2\/types\/page"}],"author":[{"embeddable":true,"href":"http:\/\/aloecanarias.es\/index.php\/wp-json\/wp\/v2\/users\/1"}],"replies":[{"embeddable":true,"href":"http:\/\/aloecanarias.es\/index.php\/wp-json\/wp\/v2\/comments?post=55"}],"version-history":[{"count":6,"href":"http:\/\/aloecanarias.es\/index.php\/wp-json\/wp\/v2\/pages\/55\/revisions"}],"predecessor-version":[{"id":77,"href":"http:\/\/aloecanarias.es\/index.php\/wp-json\/wp\/v2\/pages\/55\/revisions\/77"}],"wp:attachment":[{"href":"http:\/\/aloecanarias.es\/index.php\/wp-json\/wp\/v2\/media?parent=55"}],"curies":[{"name":"wp","href":"https:\/\/api.w.org\/{rel}","templated":true}]}}