{"id":24,"date":"2022-06-29T23:56:05","date_gmt":"2022-06-29T23:56:05","guid":{"rendered":"http:\/\/aloecanarias.es\/?page_id=24"},"modified":"2022-10-31T08:26:07","modified_gmt":"2022-10-31T08:26:07","slug":"home","status":"publish","type":"page","link":"http:\/\/aloecanarias.es\/","title":{"rendered":"Inicio"},"content":{"rendered":"<p>[et_pb_section fb_built=\u00bb1&#8243; admin_label=\u00bbHero Section\u00bb _builder_version=\u00bb4.16&#8243; _module_preset=\u00bbdefault\u00bb custom_padding=\u00bb0|0px|0px|0px\u00bb global_colors_info=\u00bb{}\u00bb][et_pb_row column_structure=\u00bb1_2,1_2&#8243; use_custom_gutter=\u00bbon\u00bb make_equal=\u00bbon\u00bb _builder_version=\u00bb4.17.4&#8243; _module_preset=\u00bbdefault\u00bb width=\u00bb100%\u00bb max_width=\u00bb100%\u00bb custom_padding=\u00bb0px|0|0px|\u00bb use_custom_width=\u00bbon\u00bb width_unit=\u00bboff\u00bb custom_width_percent=\u00bb100%\u00bb global_colors_info=\u00bb{}\u00bb][et_pb_column type=\u00bb1_2&#8243; _builder_version=\u00bb4.16&#8243; _module_preset=\u00bbdefault\u00bb custom_padding=\u00bb200px|4%|200px|8%\u00bb custom_padding_tablet=\u00bb60px|10%|60px|10%\u00bb custom_padding_phone=\u00bb60px|10%|60px|10%\u00bb custom_padding_last_edited=\u00bbon|tablet\u00bb global_colors_info=\u00bb{}\u00bb padding_tablet=\u00bb60px|10%|60px|10%\u00bb padding_last_edited=\u00bbon|tablet\u00bb custom_padding__hover=\u00bb|||\u00bb padding_phone=\u00bb60px|10%|60px|10%\u00bb][et_pb_text _builder_version=\u00bb4.16&#8243; _module_preset=\u00bbdefault\u00bb text_font=\u00bbKarla||||||||\u00bb text_font_size=\u00bb18px\u00bb text_line_height=\u00bb1.8em\u00bb header_font=\u00bbCormorant Garamond||||||||\u00bb header_font_size=\u00bb56px\u00bb header_line_height=\u00bb1.4em\u00bb header_2_font=\u00bb||||||||\u00bb header_3_font=\u00bb||||||||\u00bb max_width=\u00bb600px\u00bb header_font_size_tablet=\u00bb40px\u00bb header_font_size_phone=\u00bb\u00bb header_font_size_last_edited=\u00bbon|tablet\u00bb locked=\u00bboff\u00bb global_colors_info=\u00bb{}\u00bb]<\/p>\n<h1><span style=\"color: #939393;\">Nuestras tiendas<\/span><\/h1>\n<p>En Lesmes Aloe Canarias disponemos de varias tiendas en distintas ubicaciones de las islas canarias, con nuestros productos ecol\u00f3gicos compuestos principalmente de Aloe Vera<\/p>\n<p>[\/et_pb_text][et_pb_button button_url=\u00bbhttp:\/\/aloecanarias.es\/index.php\/tiendas\/\u00bb button_text=\u00bbver tiendas\u00bb _builder_version=\u00bb4.17.4&#8243; _module_preset=\u00bbdefault\u00bb custom_button=\u00bbon\u00bb button_text_size=\u00bb13px\u00bb button_text_color=\u00bb#ffffff\u00bb button_bg_color=\u00bb#c2ab92&#8243; button_border_width=\u00bb2px\u00bb button_border_color=\u00bb#c2ab92&#8243; button_border_radius=\u00bb0px\u00bb button_letter_spacing=\u00bb2px\u00bb button_font=\u00bbKarla|700||on|||||\u00bb background_layout=\u00bbdark\u00bb custom_padding=\u00bb10px||10px|\u00bb button_letter_spacing_hover=\u00bb2px\u00bb locked=\u00bboff\u00bb global_colors_info=\u00bb{}\u00bb button_text_size__hover_enabled=\u00bboff\u00bb button_one_text_size__hover_enabled=\u00bboff\u00bb button_two_text_size__hover_enabled=\u00bboff\u00bb button_text_color__hover_enabled=\u00bboff\u00bb button_one_text_color__hover_enabled=\u00bboff\u00bb button_two_text_color__hover_enabled=\u00bboff\u00bb button_border_width__hover_enabled=\u00bboff\u00bb button_one_border_width__hover_enabled=\u00bboff\u00bb button_two_border_width__hover_enabled=\u00bboff\u00bb button_border_color__hover_enabled=\u00bboff\u00bb button_one_border_color__hover_enabled=\u00bboff\u00bb button_two_border_color__hover_enabled=\u00bboff\u00bb button_border_radius__hover_enabled=\u00bboff\u00bb button_one_border_radius__hover_enabled=\u00bboff\u00bb button_two_border_radius__hover_enabled=\u00bboff\u00bb button_letter_spacing__hover_enabled=\u00bbon\u00bb button_letter_spacing__hover=\u00bb2px\u00bb button_one_letter_spacing__hover_enabled=\u00bboff\u00bb button_two_letter_spacing__hover_enabled=\u00bboff\u00bb button_bg_color__hover_enabled=\u00bboff\u00bb button_one_bg_color__hover_enabled=\u00bboff\u00bb button_two_bg_color__hover_enabled=\u00bboff\u00bb][\/et_pb_button][\/et_pb_column][et_pb_column type=\u00bb1_2&#8243; _builder_version=\u00bb4.17.4&#8243; _module_preset=\u00bbdefault\u00bb background_image=\u00bbhttp:\/\/aloecanarias.es\/wp-content\/uploads\/2022\/06\/nuevaOptimizado-fincacanarias-min.jpg\u00bb custom_padding=\u00bb100px||100px|\u00bb custom_padding_tablet=\u00bb60px||60px|\u00bb custom_padding_phone=\u00bb60px||60px|\u00bb custom_padding_last_edited=\u00bbon|desktop\u00bb global_colors_info=\u00bb{}\u00bb padding_tablet=\u00bb60px||60px|\u00bb padding_last_edited=\u00bbon|desktop\u00bb custom_padding__hover=\u00bb|||\u00bb padding_phone=\u00bb60px||60px|\u00bb][\/et_pb_column][\/et_pb_row][\/et_pb_section][et_pb_section fb_built=\u00bb1&#8243; admin_label=\u00bbWelcome &#038; About Us\u00bb _builder_version=\u00bb4.17.4&#8243; _module_preset=\u00bbdefault\u00bb background_color=\u00bbrgba(85,85,91,0.13)\u00bb background_enable_image=\u00bboff\u00bb custom_padding=\u00bb1.6%|0px|0%|0px|false|false\u00bb global_colors_info=\u00bb{}\u00bb][et_pb_row _builder_version=\u00bb4.16&#8243; _module_preset=\u00bbdefault\u00bb custom_margin=\u00bb|||\u00bb custom_padding=\u00bb||60px|\u00bb animation_style=\u00bbfade\u00bb global_colors_info=\u00bb{}\u00bb][et_pb_column type=\u00bb4_4&#8243; _builder_version=\u00bb4.16&#8243; _module_preset=\u00bbdefault\u00bb custom_padding=\u00bb|||\u00bb global_colors_info=\u00bb{}\u00bb custom_padding__hover=\u00bb|||\u00bb][et_pb_text _builder_version=\u00bb4.17.4&#8243; _module_preset=\u00bbdefault\u00bb text_font=\u00bb||||||||\u00bb header_font=\u00bb||||||||\u00bb header_3_font=\u00bbKarla|700||on|||||\u00bb header_3_text_color=\u00bb#c2ab92&#8243; header_3_font_size=\u00bb16px\u00bb header_3_letter_spacing=\u00bb1px\u00bb text_orientation=\u00bbcenter\u00bb background_layout=\u00bbdark\u00bb module_alignment=\u00bbleft\u00bb custom_margin=\u00bb||20px|\u00bb locked=\u00bboff\u00bb global_colors_info=\u00bb{}\u00bb]<\/p>\n<h3>ACERCA DE LESMES ALOE CANARIAS<\/h3>\n<p>[\/et_pb_text][et_pb_text _builder_version=\u00bb4.17.4&#8243; _module_preset=\u00bbdefault\u00bb text_font=\u00bbCormorant Garamond||||||||\u00bb text_font_size=\u00bb24px\u00bb text_line_height=\u00bb1.8em\u00bb header_font=\u00bb||||||||\u00bb header_4_font=\u00bbCormorant Garamond|300||on|||||\u00bb header_4_font_size=\u00bb13px\u00bb header_4_line_height=\u00bb1.8em\u00bb text_orientation=\u00bbcenter\u00bb background_layout=\u00bbdark\u00bb animation_style=\u00bbfade\u00bb global_colors_info=\u00bb{}\u00bb]<\/p>\n<p><span style=\"color: #808080;\">En Aloe Canarias estamos orgullos de presentar nuestros productos 100% ecol\u00f3gicos con Aloe vera de nuestra tierra nacido el 4 diciembre de 2015 como una peque\u00f1a empresa familiar, es por ello que ponemos mucho empe\u00f1o en ofrecer los mejores productos para nuestros clientes, dando siempre nuestro conocimiento a disposici\u00f3n para cualquier consulta o dudo sobre su elaboraci\u00f3n. <\/span><\/p>\n<p>[\/et_pb_text][\/et_pb_column][\/et_pb_row][et_pb_row column_structure=\u00bb1_3,1_3,1_3&#8243; _builder_version=\u00bb4.16&#8243; _module_preset=\u00bbdefault\u00bb global_colors_info=\u00bb{}\u00bb][et_pb_column type=\u00bb1_3&#8243; _builder_version=\u00bb4.16&#8243; _module_preset=\u00bbdefault\u00bb custom_padding=\u00bb|||\u00bb global_colors_info=\u00bb{}\u00bb custom_padding__hover=\u00bb|||\u00bb][et_pb_blurb title=\u00bbNATURAL\u00bb image_icon_background_color=\u00bbRGBA(255,255,255,0)\u00bb image=\u00bbhttp:\/\/aloecanarias.es\/wp-content\/uploads\/2022\/07\/aloepagina-300&#215;300.png\u00bb image_icon_width=\u00bb26%\u00bb _builder_version=\u00bb4.17.4&#8243; _module_preset=\u00bbdefault\u00bb header_font=\u00bbCormorant Garamond||||||||\u00bb header_text_color=\u00bb#E09900&#8243; header_font_size=\u00bb24px\u00bb header_line_height=\u00bb1.8em\u00bb body_font=\u00bbKarla||||||||\u00bb body_text_color=\u00bbrgba(255,255,255,0.7)\u00bb body_font_size=\u00bb16px\u00bb body_line_height=\u00bb1.8em\u00bb text_orientation=\u00bbcenter\u00bb background_layout=\u00bbdark\u00bb animation=\u00bboff\u00bb global_colors_info=\u00bb{}\u00bb]<\/p>\n<p><span style=\"color: #808080;\">Estamos orgullosos de poder alegar que nuestros productos son totalmente naturales y muy beneficiosos para la piel.<\/span><\/p>\n<p>[\/et_pb_blurb][\/et_pb_column][et_pb_column type=\u00bb1_3&#8243; _builder_version=\u00bb4.16&#8243; _module_preset=\u00bbdefault\u00bb custom_padding=\u00bb|||\u00bb global_colors_info=\u00bb{}\u00bb custom_padding__hover=\u00bb|||\u00bb][et_pb_blurb title=\u00bbFAMILIAR\u00bb image=\u00bbhttp:\/\/aloecanarias.es\/wp-content\/uploads\/2022\/06\/architecture-firm-04.png\u00bb _builder_version=\u00bb4.17.4&#8243; _module_preset=\u00bbdefault\u00bb header_font=\u00bbCormorant Garamond||||||||\u00bb header_text_color=\u00bb#E09900&#8243; header_font_size=\u00bb24px\u00bb header_line_height=\u00bb1.8em\u00bb body_font=\u00bbKarla||||||||\u00bb body_text_color=\u00bbrgba(255,255,255,0.7)\u00bb body_font_size=\u00bb16px\u00bb body_line_height=\u00bb1.8em\u00bb text_orientation=\u00bbcenter\u00bb background_layout=\u00bbdark\u00bb animation=\u00bboff\u00bb global_colors_info=\u00bb{}\u00bb]<\/p>\n<p><span style=\"color: #808080;\">Creemos en que en la cercan\u00eda esta la calidad y por ello tratamos a todos como nuestra familia y estamos encantados de atenderte y explicarte todo sobre el Aloe. Vera<br \/><\/span><\/p>\n<p>[\/et_pb_blurb][\/et_pb_column][et_pb_column type=\u00bb1_3&#8243; _builder_version=\u00bb4.16&#8243; _module_preset=\u00bbdefault\u00bb custom_padding=\u00bb|||\u00bb global_colors_info=\u00bb{}\u00bb custom_padding__hover=\u00bb|||\u00bb][et_pb_blurb title=\u00bbCALIDAD\u00bb image=\u00bbhttp:\/\/aloecanarias.es\/wp-content\/uploads\/2022\/06\/architecture-firm-01.png\u00bb _builder_version=\u00bb4.17.4&#8243; _module_preset=\u00bbdefault\u00bb header_font=\u00bbCormorant Garamond||||||||\u00bb header_text_color=\u00bb#E09900&#8243; header_font_size=\u00bb24px\u00bb header_line_height=\u00bb1.8em\u00bb body_font=\u00bbKarla||||||||\u00bb body_text_color=\u00bbrgba(255,255,255,0.7)\u00bb body_font_size=\u00bb16px\u00bb body_line_height=\u00bb1.8em\u00bb text_orientation=\u00bbcenter\u00bb background_layout=\u00bbdark\u00bb animation=\u00bboff\u00bb global_colors_info=\u00bb{}\u00bb]<\/p>\n<p><span style=\"color: #808080;\">Nuestros productos provienen del Aloe Vera Barbadensis recogido en canarias, es por ello que nuestros productos atesoran una gran calidad cosm\u00e9tica.<br \/><\/span><\/p>\n<p>[\/et_pb_blurb][\/et_pb_column][\/et_pb_row][et_pb_row column_structure=\u00bb1_3,1_3,1_3&#8243; _builder_version=\u00bb4.17.4&#8243; _module_preset=\u00bbdefault\u00bb border_width_bottom=\u00bb6px\u00bb border_color_bottom=\u00bb#0C71C3&#8243; global_colors_info=\u00bb{}\u00bb][et_pb_column type=\u00bb1_3&#8243; _builder_version=\u00bb4.17.4&#8243; _module_preset=\u00bbdefault\u00bb global_colors_info=\u00bb{}\u00bb][et_pb_image src=\u00bbhttp:\/\/aloecanarias.es\/wp-content\/uploads\/2022\/07\/gobiernocanarias.png\u00bb title_text=\u00bbgobiernocanarias\u00bb _builder_version=\u00bb4.17.4&#8243; _module_preset=\u00bbdefault\u00bb global_colors_info=\u00bb{}\u00bb][\/et_pb_image][\/et_pb_column][et_pb_column type=\u00bb1_3&#8243; _builder_version=\u00bb4.17.4&#8243; _module_preset=\u00bbdefault\u00bb global_colors_info=\u00bb{}\u00bb][\/et_pb_column][et_pb_column type=\u00bb1_3&#8243; _builder_version=\u00bb4.17.4&#8243; _module_preset=\u00bbdefault\u00bb global_colors_info=\u00bb{}\u00bb][et_pb_image src=\u00bbhttp:\/\/aloecanarias.es\/wp-content\/uploads\/2022\/07\/europa.png\u00bb title_text=\u00bbeuropa\u00bb align=\u00bbright\u00bb _builder_version=\u00bb4.17.4&#8243; _module_preset=\u00bbdefault\u00bb global_colors_info=\u00bb{}\u00bb][\/et_pb_image][\/et_pb_column][\/et_pb_row][et_pb_row column_structure=\u00bb1_2,1_2&#8243; _builder_version=\u00bb4.17.4&#8243; _module_preset=\u00bbdefault\u00bb global_colors_info=\u00bb{}\u00bb][et_pb_column type=\u00bb1_2&#8243; _builder_version=\u00bb4.17.4&#8243; _module_preset=\u00bbdefault\u00bb global_colors_info=\u00bb{}\u00bb][et_pb_image src=\u00bbhttp:\/\/aloecanarias.es\/wp-content\/uploads\/2022\/07\/canarias-avanza.png\u00bb title_text=\u00bbcanarias avanza\u00bb _builder_version=\u00bb4.17.4&#8243; _module_preset=\u00bbdefault\u00bb width=\u00bb50%\u00bb global_colors_info=\u00bb{}\u00bb][\/et_pb_image][\/et_pb_column][et_pb_column type=\u00bb1_2&#8243; _builder_version=\u00bb4.17.4&#8243; _module_preset=\u00bbdefault\u00bb global_colors_info=\u00bb{}\u00bb][et_pb_text _builder_version=\u00bb4.17.4&#8243; _module_preset=\u00bbdefault\u00bb global_colors_info=\u00bb{}\u00bb]<\/p>\n<h4 style=\"text-align: right;\"><span style=\"color: #000000;\"><strong>FONDO EUROPEO DE DESARROLLO REGIONAL<\/strong><\/span><\/h4>\n<p>[\/et_pb_text][\/et_pb_column][\/et_pb_row][et_pb_row _builder_version=\u00bb4.17.4&#8243; _module_preset=\u00bbdefault\u00bb global_colors_info=\u00bb{}\u00bb][et_pb_column type=\u00bb4_4&#8243; _builder_version=\u00bb4.17.4&#8243; _module_preset=\u00bbdefault\u00bb global_colors_info=\u00bb{}\u00bb][et_pb_text _builder_version=\u00bb4.17.4&#8243; _module_preset=\u00bbdefault\u00bb global_colors_info=\u00bb{}\u00bb]<\/p>\n<p><i><b>LESMES ALOECANARIAS , S.L. ha sido beneficiaria en el procedimiento de concesi\u00f3n de subvenciones a proyectos de inversi\u00f3n de peque\u00f1as y medianas empresas en Canarias cofinanciadas por el Programa Operativo FEDER Canarias 2014-2020, aprobadas por Orden de 12 de Mayo de 2016 , cuyo objetivo es el autoabastecimiento de energ\u00eda el\u00e9ctrica , de forma m\u00e1s eficiente y respetuosa con el medio Ambiente , as\u00ed como la mejora de la productividad y competitividad en la fabricaci\u00f3n de productos de Aloe Vera , debido a la creciente demanda .<\/b><\/i><\/p>\n<p>[\/et_pb_text][\/et_pb_column][\/et_pb_row][\/et_pb_section]<\/p>\n","protected":false},"excerpt":{"rendered":"<p>Nuestras tiendas En Lesmes Aloe Canarias disponemos de varias tiendas en distintas ubicaciones de las islas canarias, con nuestros productos ecol\u00f3gicos compuestos principalmente de Aloe VeraACERCA DE LESMES ALOE CANARIASEn Aloe Canarias estamos orgullos de presentar nuestros productos 100% ecol\u00f3gicos con Aloe vera de nuestra tierra nacido el 4 diciembre de 2015 como una peque\u00f1a [&hellip;]<\/p>\n","protected":false},"author":1,"featured_media":0,"parent":0,"menu_order":0,"comment_status":"closed","ping_status":"closed","template":"","meta":{"_et_pb_use_builder":"on","_et_pb_old_content":"","_et_gb_content_width":"","om_disable_all_campaigns":false},"_links":{"self":[{"href":"http:\/\/aloecanarias.es\/index.php\/wp-json\/wp\/v2\/pages\/24"}],"collection":[{"href":"http:\/\/aloecanarias.es\/index.php\/wp-json\/wp\/v2\/pages"}],"about":[{"href":"http:\/\/aloecanarias.es\/index.php\/wp-json\/wp\/v2\/types\/page"}],"author":[{"embeddable":true,"href":"http:\/\/aloecanarias.es\/index.php\/wp-json\/wp\/v2\/users\/1"}],"replies":[{"embeddable":true,"href":"http:\/\/aloecanarias.es\/index.php\/wp-json\/wp\/v2\/comments?post=24"}],"version-history":[{"count":13,"href":"http:\/\/aloecanarias.es\/index.php\/wp-json\/wp\/v2\/pages\/24\/revisions"}],"predecessor-version":[{"id":108,"href":"http:\/\/aloecanarias.es\/index.php\/wp-json\/wp\/v2\/pages\/24\/revisions\/108"}],"wp:attachment":[{"href":"http:\/\/aloecanarias.es\/index.php\/wp-json\/wp\/v2\/media?parent=24"}],"curies":[{"name":"wp","href":"https:\/\/api.w.org\/{rel}","templated":true}]}}