{"id":2,"date":"2022-06-29T14:23:12","date_gmt":"2022-06-29T14:23:12","guid":{"rendered":"http:\/\/aloecanarias.es\/?page_id=2"},"modified":"2022-07-11T12:17:41","modified_gmt":"2022-07-11T12:17:41","slug":"tiendas","status":"publish","type":"page","link":"http:\/\/aloecanarias.es\/index.php\/tiendas\/","title":{"rendered":"Nuestras Tiendas"},"content":{"rendered":"<p>[et_pb_section fb_built=\u00bb1&#8243; _builder_version=\u00bb4.17.4&#8243; _module_preset=\u00bbdefault\u00bb global_colors_info=\u00bb{}\u00bb][et_pb_row column_structure=\u00bb1_2,1_2&#8243; _builder_version=\u00bb4.17.4&#8243; _module_preset=\u00bbdefault\u00bb global_colors_info=\u00bb{}\u00bb][et_pb_column type=\u00bb1_2&#8243; _builder_version=\u00bb4.17.4&#8243; _module_preset=\u00bbdefault\u00bb global_colors_info=\u00bb{}\u00bb][et_pb_text _builder_version=\u00bb4.17.4&#8243; _module_preset=\u00bbdefault\u00bb custom_padding=\u00bb||0px|||\u00bb global_colors_info=\u00bb{}\u00bb]<\/p>\n<p>&nbsp;<\/p>\n<h1 class=\"elementor-heading-title elementor-size-default page-title\"><span>Gran Canaria &#8211; Fataga<\/span><\/h1>\n<p>Fataga, en el municipio de San Bartolom\u00e9 de Tirajana. Conocido como el \u201cvalle de las mil palmeras\u201d, este entorno entre riscos se caracteriza por ser una de las localidades que mejor cuidan su patrimonio en Gran Canaria, motivo por el que ha sido nominada a ser Patrimonio Mundial. Con m\u00e1s de 40.000 metros cuadrados, Finca Canarias Fataga cuenta con 20.000 plantas de aloe vera, en un entorno natural con el valor a\u00f1adido de unos paisajes excepcionales, colindando con el Parque Natural de Ayagaures y Pilancones, zona de especial protecci\u00f3n para el pino de Pilancones y las aves y donde existen importantes yacimientos arqueol\u00f3gicos guanches como la necr\u00f3polis de Arteara.<\/p>\n<p>[\/et_pb_text][\/et_pb_column][et_pb_column type=\u00bb1_2&#8243; _builder_version=\u00bb4.17.4&#8243; _module_preset=\u00bbdefault\u00bb global_colors_info=\u00bb{}\u00bb][et_pb_image src=\u00bbhttp:\/\/aloecanarias.es\/wp-content\/uploads\/2022\/06\/nuevaOptimizado-fincacanarias-min.jpg\u00bb _builder_version=\u00bb4.17.4&#8243; _module_preset=\u00bbdefault\u00bb hover_enabled=\u00bb0&#8243; global_colors_info=\u00bb{}\u00bb title_text=\u00bbnuevaOptimizado-fincacanarias-min\u00bb sticky_enabled=\u00bb0&#8243;][\/et_pb_image][\/et_pb_column][\/et_pb_row][et_pb_row _builder_version=\u00bb4.17.4&#8243; _module_preset=\u00bbdefault\u00bb global_colors_info=\u00bb{}\u00bb][et_pb_column type=\u00bb4_4&#8243; _builder_version=\u00bb4.17.4&#8243; _module_preset=\u00bbdefault\u00bb global_colors_info=\u00bb{}\u00bb][et_pb_divider _builder_version=\u00bb4.17.4&#8243; _module_preset=\u00bbdefault\u00bb global_colors_info=\u00bb{}\u00bb][\/et_pb_divider][\/et_pb_column][\/et_pb_row][et_pb_row column_structure=\u00bb1_2,1_2&#8243; _builder_version=\u00bb4.17.4&#8243; _module_preset=\u00bbdefault\u00bb global_colors_info=\u00bb{}\u00bb][et_pb_column type=\u00bb1_2&#8243; _builder_version=\u00bb4.17.4&#8243; _module_preset=\u00bbdefault\u00bb global_colors_info=\u00bb{}\u00bb][et_pb_image src=\u00bbhttp:\/\/aloecanarias.es\/wp-content\/uploads\/2022\/07\/goro2.jpg\u00bb _builder_version=\u00bb4.17.4&#8243; _module_preset=\u00bbdefault\u00bb hover_enabled=\u00bb0&#8243; global_colors_info=\u00bb{}\u00bb title_text=\u00bbgoro2&#8243; sticky_enabled=\u00bb0&#8243;][\/et_pb_image][\/et_pb_column][et_pb_column type=\u00bb1_2&#8243; _builder_version=\u00bb4.17.4&#8243; _module_preset=\u00bbdefault\u00bb global_colors_info=\u00bb{}\u00bb][et_pb_text _builder_version=\u00bb4.17.4&#8243; _module_preset=\u00bbdefault\u00bb global_colors_info=\u00bb{}\u00bb]<\/p>\n<h1 class=\"elementor-heading-title elementor-size-default page-title\"><span>Gran Canaria &#8211; El Goro<\/span><\/h1>\n<p>Finca Canarias se encuentra en Telde en Gran Canaria, concretamente en El Goro, al este de la isla. La finca cuenta con un entorno paisaj\u00edstico de 4.500 m2 y cuenta con 35.000 plantas de Aloe Vera, que se cultivan ecol\u00f3gicamente al aire libre. A apenas unos metros desde el acceso de la principal v\u00eda Las Palmas de Gran Canaria-Sur, esta finca est\u00e1 en un entorno volc\u00e1nico y en el segundo municipio m\u00e1s poblado de la isla, considerado \u00abMuy ilustre\u00bb por su historia<\/p>\n<p>[\/et_pb_text][\/et_pb_column][\/et_pb_row][et_pb_row _builder_version=\u00bb4.17.4&#8243; _module_preset=\u00bbdefault\u00bb global_colors_info=\u00bb{}\u00bb][et_pb_column type=\u00bb4_4&#8243; _builder_version=\u00bb4.17.4&#8243; _module_preset=\u00bbdefault\u00bb global_colors_info=\u00bb{}\u00bb][et_pb_divider _builder_version=\u00bb4.17.4&#8243; _module_preset=\u00bbdefault\u00bb global_colors_info=\u00bb{}\u00bb][\/et_pb_divider][\/et_pb_column][\/et_pb_row][et_pb_row column_structure=\u00bb1_2,1_2&#8243; _builder_version=\u00bb4.17.4&#8243; _module_preset=\u00bbdefault\u00bb global_colors_info=\u00bb{}\u00bb][et_pb_column type=\u00bb1_2&#8243; _builder_version=\u00bb4.17.4&#8243; _module_preset=\u00bbdefault\u00bb global_colors_info=\u00bb{}\u00bb][et_pb_text _builder_version=\u00bb4.17.4&#8243; _module_preset=\u00bbdefault\u00bb global_colors_info=\u00bb{}\u00bb]<\/p>\n<p>&nbsp;<\/p>\n<h1 class=\"elementor-heading-title elementor-size-default page-title\"><span>Tenerife &#8211; Arona<\/span><\/h1>\n<p>A escasos kil\u00f3metros de la mayor zona tur\u00edstica de Tenerife y a menos de un kil\u00f3metro de la entrada del pueblo de Arona, cuyo casco antiguo es bien de inter\u00e9s cultural y cuenta con una bonita iglesia del siglo XVIII as\u00ed como numerosas casas se\u00f1oriales, se encuentra nuestra finca, a\u00fan en desarrollo, con varios cientos de plantas de \u00e1loe vera (aloe barbadensis miller) y una superficie total de 100.000 metros cuadrados que poco a poco se ir\u00e1n cultivando con m\u00e1s ejemplares de esta especie, conocida desde la m\u00e1s remota Antig\u00fcedad por sus m\u00faltiples propiedades y aplicaciones. La finca se encuentra en la carretera general TF-51, km 1, la ruta de acceso al Parque Nacional del Teide, el mayor y m\u00e1s antiguo de las islas Canarias y declarado Patrimonio de la Humanidad por la UNESCO en 2007, que destaca por su impresionante riqueza geol\u00f3gica y paisaj\u00edstica, as\u00ed como por su espectacular flora end\u00e9mica.<\/p>\n<p>[\/et_pb_text][\/et_pb_column][et_pb_column type=\u00bb1_2&#8243; _builder_version=\u00bb4.17.4&#8243; _module_preset=\u00bbdefault\u00bb global_colors_info=\u00bb{}\u00bb][et_pb_image src=\u00bbhttp:\/\/aloecanarias.es\/wp-content\/uploads\/2022\/07\/IMG_2380.jpg\u00bb _builder_version=\u00bb4.17.4&#8243; _module_preset=\u00bbdefault\u00bb hover_enabled=\u00bb0&#8243; global_colors_info=\u00bb{}\u00bb title_text=\u00bbIMG_2380&#8243; sticky_enabled=\u00bb0&#8243;][\/et_pb_image][\/et_pb_column][\/et_pb_row][et_pb_row _builder_version=\u00bb4.17.4&#8243; _module_preset=\u00bbdefault\u00bb global_colors_info=\u00bb{}\u00bb][et_pb_column type=\u00bb4_4&#8243; _builder_version=\u00bb4.17.4&#8243; _module_preset=\u00bbdefault\u00bb global_colors_info=\u00bb{}\u00bb][et_pb_divider _builder_version=\u00bb4.17.4&#8243; _module_preset=\u00bbdefault\u00bb global_colors_info=\u00bb{}\u00bb][\/et_pb_divider][\/et_pb_column][\/et_pb_row][et_pb_row column_structure=\u00bb1_2,1_2&#8243; _builder_version=\u00bb4.17.4&#8243; _module_preset=\u00bbdefault\u00bb global_colors_info=\u00bb{}\u00bb][et_pb_column type=\u00bb1_2&#8243; _builder_version=\u00bb4.17.4&#8243; _module_preset=\u00bbdefault\u00bb global_colors_info=\u00bb{}\u00bb][et_pb_image src=\u00bbhttp:\/\/aloecanarias.es\/wp-content\/uploads\/2022\/07\/5c3da4880cb46.jpg\u00bb _builder_version=\u00bb4.17.4&#8243; _module_preset=\u00bbdefault\u00bb global_colors_info=\u00bb{}\u00bb title_text=\u00bb5c3da4880cb46&#8243;][\/et_pb_image][\/et_pb_column][et_pb_column type=\u00bb1_2&#8243; _builder_version=\u00bb4.17.4&#8243; _module_preset=\u00bbdefault\u00bb global_colors_info=\u00bb{}\u00bb][et_pb_text _builder_version=\u00bb4.17.4&#8243; _module_preset=\u00bbdefault\u00bb global_colors_info=\u00bb{}\u00bb]<\/p>\n<p>&nbsp;<\/p>\n<h1 class=\"elementor-heading-title elementor-size-default page-title\"><span>Tenerife &#8211; G\u00fcimar<\/span><\/h1>\n<p>Finca Canarias ha inaugurado en Tenerife una de sus fincas m\u00e1s recientes, que se localiza a los pies de la ladera de G\u00fc\u00edmar, al este de la isla. Con una superficie de 11.000 metros cuadrados, la finca cuenta con 7.000 plantas de aloe vera que crecen ecol\u00f3gicamente en el entorno ofrece un paisaje peculiar y caracter\u00edstico de la zona, a pocos kil\u00f3metros del Parque Etnogr\u00e1fico de las Pir\u00e1mides de G\u00fc\u00edmar y las Ventanas de G\u00fc\u00edmar, una interesante formaci\u00f3n conocida como la \u201cRuta de las mil ventanas\u201d. Este espacio ofrece unas vistas espectaculares de la isla, en las que se combina el paisaje verde del interior con el oc\u00e9ano Atl\u00e1ntico de fondo.<\/p>\n<p>[\/et_pb_text][\/et_pb_column][\/et_pb_row][et_pb_row _builder_version=\u00bb4.17.4&#8243; _module_preset=\u00bbdefault\u00bb global_colors_info=\u00bb{}\u00bb][et_pb_column type=\u00bb4_4&#8243; _builder_version=\u00bb4.17.4&#8243; _module_preset=\u00bbdefault\u00bb global_colors_info=\u00bb{}\u00bb][et_pb_divider _builder_version=\u00bb4.17.4&#8243; _module_preset=\u00bbdefault\u00bb global_colors_info=\u00bb{}\u00bb][\/et_pb_divider][\/et_pb_column][\/et_pb_row][et_pb_row column_structure=\u00bb1_2,1_2&#8243; _builder_version=\u00bb4.17.4&#8243; _module_preset=\u00bbdefault\u00bb global_colors_info=\u00bb{}\u00bb][et_pb_column type=\u00bb1_2&#8243; _builder_version=\u00bb4.17.4&#8243; _module_preset=\u00bbdefault\u00bb global_colors_info=\u00bb{}\u00bb][et_pb_text _builder_version=\u00bb4.17.4&#8243; _module_preset=\u00bbdefault\u00bb global_colors_info=\u00bb{}\u00bb]<\/p>\n<h1 class=\"elementor-heading-title elementor-size-default page-title\"><span>Fuerteventura &#8211; Gran Tarajal<\/span><\/h1>\n<p>Finca Canarias est\u00e1 presente en Fuerteventura en la zona de La Fuentita, a apenas 10 minutos de la playa de Gran Tarajal. Gracias a la amplia superficie de la finca, adem\u00e1s de 6.000 plantas de aloe vera, tambi\u00e9n pueden recorrerse las plantaciones de tuneras (tuno indio), y hasta 650 olivos, que se cultiva ecol\u00f3gicamente como complemento a varios productos de aloe vera. En Finca Canarias Gran Tarajal se cultivan diferentes especias de aloe vera en el jard\u00edn multivariedad, que sirve a los gu\u00edas y visitantes para explicar y entender las similitudes, diferencias y peculiaridades de toda la gama de esta planta.<\/p>\n<p>[\/et_pb_text][\/et_pb_column][et_pb_column type=\u00bb1_2&#8243; _builder_version=\u00bb4.17.4&#8243; _module_preset=\u00bbdefault\u00bb global_colors_info=\u00bb{}\u00bb][et_pb_image src=\u00bbhttp:\/\/aloecanarias.es\/wp-content\/uploads\/2022\/07\/59fc479631897.jpg\u00bb _builder_version=\u00bb4.17.4&#8243; _module_preset=\u00bbdefault\u00bb global_colors_info=\u00bb{}\u00bb title_text=\u00bb59fc479631897&#8243;][\/et_pb_image][\/et_pb_column][\/et_pb_row][et_pb_row _builder_version=\u00bb4.17.4&#8243; _module_preset=\u00bbdefault\u00bb global_colors_info=\u00bb{}\u00bb][et_pb_column type=\u00bb4_4&#8243; _builder_version=\u00bb4.17.4&#8243; _module_preset=\u00bbdefault\u00bb global_colors_info=\u00bb{}\u00bb][et_pb_divider _builder_version=\u00bb4.17.4&#8243; _module_preset=\u00bbdefault\u00bb global_colors_info=\u00bb{}\u00bb][\/et_pb_divider][\/et_pb_column][\/et_pb_row][et_pb_row column_structure=\u00bb1_2,1_2&#8243; _builder_version=\u00bb4.17.4&#8243; _module_preset=\u00bbdefault\u00bb global_colors_info=\u00bb{}\u00bb][et_pb_column type=\u00bb1_2&#8243; _builder_version=\u00bb4.17.4&#8243; _module_preset=\u00bbdefault\u00bb global_colors_info=\u00bb{}\u00bb][et_pb_image src=\u00bbhttp:\/\/aloecanarias.es\/wp-content\/uploads\/2022\/07\/59fc45a360044.jpg\u00bb _builder_version=\u00bb4.17.4&#8243; _module_preset=\u00bbdefault\u00bb global_colors_info=\u00bb{}\u00bb title_text=\u00bb59fc45a360044&#8243;][\/et_pb_image][\/et_pb_column][et_pb_column type=\u00bb1_2&#8243; _builder_version=\u00bb4.17.4&#8243; _module_preset=\u00bbdefault\u00bb global_colors_info=\u00bb{}\u00bb][et_pb_text _builder_version=\u00bb4.17.4&#8243; _module_preset=\u00bbdefault\u00bb global_colors_info=\u00bb{}\u00bb]<\/p>\n<h1 class=\"elementor-heading-title elementor-size-default page-title\"><span>Fuerteventura &#8211; La Oliva<\/span><\/h1>\n<p>Finca Canarias est\u00e1 presente en La Oliva, Fuerteventura, en el Parque Natural del volc\u00e1n de La Arena. El paisaje que envuelve al cultivo destaca por su peculiaridad volc\u00e1nica, integrado en el parque natural de malpa\u00eds, una formaci\u00f3n protegida por su alto valor geol\u00f3gico. Adem\u00e1s, existen en la zona varias cuevas de inter\u00e9s tur\u00edstico producidas por los volcanes, como la Cueva de Los Picos, la Cueva del Diablo o la Cueva de las Burras. La finca cuenta con una superficie de 100.000 metros, con 2.000 plantas de aloe vera, que adem\u00e1s de la tienda y las visitas guiadas cuenta con un servicio completo de masajes, reflexoterapia, belleza y salud con el aloe natural como base, el \u00fanico centro de aloe terapia de la isla de Fuerteventura.<\/p>\n<p>[\/et_pb_text][\/et_pb_column][\/et_pb_row][et_pb_row _builder_version=\u00bb4.17.4&#8243; _module_preset=\u00bbdefault\u00bb global_colors_info=\u00bb{}\u00bb][et_pb_column type=\u00bb4_4&#8243; _builder_version=\u00bb4.17.4&#8243; _module_preset=\u00bbdefault\u00bb global_colors_info=\u00bb{}\u00bb][et_pb_divider _builder_version=\u00bb4.17.4&#8243; _module_preset=\u00bbdefault\u00bb global_colors_info=\u00bb{}\u00bb][\/et_pb_divider][\/et_pb_column][\/et_pb_row][et_pb_row column_structure=\u00bb1_2,1_2&#8243; _builder_version=\u00bb4.17.4&#8243; _module_preset=\u00bbdefault\u00bb global_colors_info=\u00bb{}\u00bb][et_pb_column type=\u00bb1_2&#8243; _builder_version=\u00bb4.17.4&#8243; _module_preset=\u00bbdefault\u00bb global_colors_info=\u00bb{}\u00bb][et_pb_text _builder_version=\u00bb4.17.4&#8243; _module_preset=\u00bbdefault\u00bb global_colors_info=\u00bb{}\u00bb]<\/p>\n<h1 class=\"elementor-heading-title elementor-size-default page-title\"><span>La Gomera<\/span><\/h1>\n<p>Finca Canarias est\u00e1 presente en La Gomera en la zona de Hermigua, al noroeste de la isla. Las 8.000 plantas de aloe vera que se distribuyen en sus 10.000 metros cuadrados, localizados junto al barranco de Monteforte. La finca se encuentra a tan solo 8 kil\u00f3metros del Parque Nacional del Garajonay, monumento natural de cerca de 4.000 hect\u00e1reas en el que destaca uno de los mayores bosques de laurisilva que existen.<\/p>\n<p>[\/et_pb_text][\/et_pb_column][et_pb_column type=\u00bb1_2&#8243; _builder_version=\u00bb4.17.4&#8243; _module_preset=\u00bbdefault\u00bb global_colors_info=\u00bb{}\u00bb][et_pb_image src=\u00bbhttp:\/\/aloecanarias.es\/wp-content\/uploads\/2022\/07\/5c3da1e08fcfe.jpg\u00bb _builder_version=\u00bb4.17.4&#8243; _module_preset=\u00bbdefault\u00bb hover_enabled=\u00bb0&#8243; global_colors_info=\u00bb{}\u00bb title_text=\u00bb5c3da1e08fcfe\u00bb sticky_enabled=\u00bb0&#8243;][\/et_pb_image][\/et_pb_column][\/et_pb_row][\/et_pb_section]<\/p>\n","protected":false},"excerpt":{"rendered":"<p>&nbsp; Gran Canaria &#8211; Fataga Fataga, en el municipio de San Bartolom\u00e9 de Tirajana. Conocido como el \u201cvalle de las mil palmeras\u201d, este entorno entre riscos se caracteriza por ser una de las localidades que mejor cuidan su patrimonio en Gran Canaria, motivo por el que ha sido nominada a ser Patrimonio Mundial. Con m\u00e1s [&hellip;]<\/p>\n","protected":false},"author":1,"featured_media":0,"parent":0,"menu_order":0,"comment_status":"closed","ping_status":"closed","template":"","meta":{"_et_pb_use_builder":"on","_et_pb_old_content":"","_et_gb_content_width":"","om_disable_all_campaigns":false},"_links":{"self":[{"href":"http:\/\/aloecanarias.es\/index.php\/wp-json\/wp\/v2\/pages\/2"}],"collection":[{"href":"http:\/\/aloecanarias.es\/index.php\/wp-json\/wp\/v2\/pages"}],"about":[{"href":"http:\/\/aloecanarias.es\/index.php\/wp-json\/wp\/v2\/types\/page"}],"author":[{"embeddable":true,"href":"http:\/\/aloecanarias.es\/index.php\/wp-json\/wp\/v2\/users\/1"}],"replies":[{"embeddable":true,"href":"http:\/\/aloecanarias.es\/index.php\/wp-json\/wp\/v2\/comments?post=2"}],"version-history":[{"count":5,"href":"http:\/\/aloecanarias.es\/index.php\/wp-json\/wp\/v2\/pages\/2\/revisions"}],"predecessor-version":[{"id":87,"href":"http:\/\/aloecanarias.es\/index.php\/wp-json\/wp\/v2\/pages\/2\/revisions\/87"}],"wp:attachment":[{"href":"http:\/\/aloecanarias.es\/index.php\/wp-json\/wp\/v2\/media?parent=2"}],"curies":[{"name":"wp","href":"https:\/\/api.w.org\/{rel}","templated":true}]}}